{"id":2,"date":"2024-12-01T09:12:00","date_gmt":"2024-12-01T09:12:00","guid":{"rendered":"https:\/\/www.zbieractwo.com.pl\/?page_id=2"},"modified":"2025-02-17T19:44:48","modified_gmt":"2025-02-17T19:44:48","slug":"sample-page","status":"publish","type":"page","link":"https:\/\/www.zbieractwo.com.pl\/","title":{"rendered":"Pomoc osobom z zaburzeniem zbieractwa"},"content":{"rendered":"\n<div class=\"wp-block-media-text is-stacked-on-mobile\" style=\"grid-template-columns:45% auto\"><figure class=\"wp-block-media-text__media\"><a href=\"https:\/\/www.psychiatraonline.pl\/produkt\/zagrzebani-w-skarbach\/\"><img decoding=\"async\" src=\"https:\/\/www.psychiatraonline.pl\/wp-content\/uploads\/2024\/11\/Zagrzebani-w-skarbach-OKLADKA-3D-2.jpg\" alt=\"\" class=\"wp-image-2706 size-full\"\/><\/a><\/figure><div class=\"wp-block-media-text__content\">\n<p class=\"has-text-color has-link-color wp-elements-149e0d305264a83f09b1b72c2021d89d\" style=\"color:#f96833;font-size:22px\"><em><strong>Ju\u017c w sprzeda\u017cy!<\/strong><\/em><\/p>\n\n\n\n<h2 class=\"wp-block-heading\">\u201eZagrzebani w skarbach. Pomoc osobom z zaburzeniem zbieractwa\u201d<\/h2>\n\n\n\n<p style=\"font-size:20px\">to idealny poradnik dla: <\/p>\n\n\n\n<ul class=\"wp-block-list\">\n<li style=\"font-size:20px\">ludzi borykaj\u0105cych si\u0119 z problemem gromadzenia r\u00f3\u017cnych rzeczy,<\/li>\n\n\n\n<li style=\"font-size:20px\">cz\u0142onk\u00f3w ich rodzin i bliskich,<\/li>\n\n\n\n<li style=\"font-size:20px\">profesjonalist\u00f3w (lekarzy, psychoterapeut\u00f3w, pracownik\u00f3w socjalnych), kt\u00f3rzy z nimi pracuj\u0105.<\/li>\n<\/ul>\n\n\n\n<p class=\"has-text-color has-link-color wp-elements-939cb5ca47166e9588404bf9ec691f88\" style=\"color:#5242fe\"><em>Wy\u0142\u0105cznie w sprzeda\u017cy wysy\u0142kowej!<\/em><\/p>\n\n\n<div class=\"wp-block-image\">\n<figure class=\"aligncenter size-full\"><a href=\"https:\/\/www.psychiatraonline.pl\/produkt\/zagrzebani-w-skarbach\/\" target=\"_blank\" rel=\"noreferrer noopener\"><img decoding=\"async\" src=\"https:\/\/www.psychiatraonline.pl\/wp-content\/uploads\/2015\/08\/button-ZAM\u00d3W.png\" alt=\"\" class=\"wp-image-217\"\/><\/a><\/figure>\n<\/div>\n\n\n<p><\/p>\n\n\n\n<p style=\"font-size:16px\"><em>Instytucje i O\u015brodki zainteresowane zam\u00f3wieniem wi\u0119kszej liczby egzemplarzy z istotnym rabatem cenowym prosimy o kontakt:<\/em><br><strong><a href=\"https:\/\/www.psychiatraonline.pl\/#contact\">zbieractwo@kwartalnikpsychiatra.pl<\/a><\/strong><\/p>\n<\/div><\/div>\n\n\n\n<hr class=\"wp-block-separator has-css-opacity is-style-default\"\/>\n\n\n\n<p class=\"has-text-align-center has-background\" style=\"background-color:#a9ff9f;font-size:24px\"><a href=\"https:\/\/www.psychiatraonline.pl\/strona-redakcyjna-zagrzebani-w-skarbach\/\" target=\"_blank\" rel=\"noreferrer noopener\"><strong>Zagrzebani w skarbach. Pomoc osobom z zaburzeniem zbieractwa <\/strong><br><strong>&#8211; David F. Tolin, Randy O. Frost, Gail Steketee<\/strong><\/a><\/p>\n\n\n\n<hr class=\"wp-block-separator has-alpha-channel-opacity\"\/>\n\n\n\n<div class=\"wp-block-group\"><div class=\"wp-block-group__inner-container is-layout-constrained wp-block-group-is-layout-constrained\">\n<div class=\"wp-block-columns is-layout-flex wp-container-core-columns-is-layout-9d6595d7 wp-block-columns-is-layout-flex\">\n<div class=\"wp-block-column is-layout-flow wp-block-column-is-layout-flow\">\n<h2 class=\"wp-block-heading\">O czym jest ta ksi\u0105\u017cka?<\/h2>\n\n\n\n<p style=\"font-size:18px\">Ksi\u0105\u017cka stanowi przewodnik, kt\u00f3ry dostarcza informacje niezb\u0119dne dla zrozumienia problemu zbieractwa oraz wyposa\u017ca osoby z tym problemem w pomocne narz\u0119dzia, \u017ceby go przezwyci\u0119\u017cy\u0107.<br>Czytelnik znajdzie tu kompendium aktualnej wiedzy o zbieractwie oraz program dzia\u0142ania, kt\u00f3ry mo\u017ce pom\u00f3c zapanowa\u0107 nad problemami zwi\u0105zanymi z tym zaburzeniem, bez wzgl\u0119du na to, w jakiej postaci wyst\u0119puj\u0105, nasilonej czy \u0142agodnej. Ramy te s\u0105 elastyczne, pozwalaj\u0105 mu przetestowa\u0107 r\u00f3\u017cne metody oraz je modyfikowa\u0107.<\/p>\n<\/div>\n\n\n\n<div class=\"wp-block-column is-vertically-aligned-top is-layout-flow wp-block-column-is-layout-flow\">\n<h2 class=\"wp-block-heading\">Dla kogo jest ta ksi\u0105\u017cka?<\/h2>\n\n\n\n<p style=\"font-size:18px\"><em>Zagrzebani w skarbach<\/em><strong>&nbsp;<\/strong>to poradnik adresowany przede wszystkim do ludzi borykaj\u0105cych si\u0119 z problemem gromadzenia r\u00f3\u017cnych rzeczy. <br>Ksi\u0105\u017cka b\u0119dzie te\u017c przydatna dla cz\u0142onk\u00f3w rodzin i bliskich os\u00f3b dotkni\u0119tych problemem zbieractwa, jak r\u00f3wnie\u017c dla profesjonalist\u00f3w (psychoterapeut\u00f3w, pracownik\u00f3w socjalnych, lekarzy), kt\u00f3rzy z nimi pracuj\u0105.<br>Jednym s\u0142owem jest zaprojektowana tak, by podane w niej informacje przyda\u0142y si\u0119 szerokiemu kr\u0119gowi ludzi, kt\u00f3rych niepokoi problem zbieractwa.<\/p>\n<\/div>\n<\/div>\n\n\n\n<hr class=\"wp-block-separator has-alpha-channel-opacity\"\/>\n<\/div><\/div>\n\n\n\n<h2 class=\"wp-block-heading\">Czym jest zbieractwo (syllogomania)?<\/h2>\n\n\n\n<p style=\"font-size:18px\">Wikipedia: (od gr. syllambanein 'zbiera\u0107\u2019 i mania 'szale\u0144stwo\u2019, zesp\u00f3\u0142 zbieractwa, patologiczne zbieractwo, ang. compulsive hoarding) \u2013 nabywanie lub trudno\u015bci z pozbywaniem si\u0119 rzeczy nieu\u017cytecznych b\u0105d\u017a o ma\u0142ej dla innych os\u00f3b warto\u015bci. Powoduje dezorganizacj\u0119 \u017cycia spo\u0142ecznego i zawodowego b\u0105d\u017a obni\u017cenie ich poziomu, a tak\u017ce ograniczenie przestrzeni \u017cyciowej chorego. W konsekwencji nie mo\u017ce on korzysta\u0107 z pomieszcze\u0144 mieszkalnych zgodnie z ich przeznaczeniem.<\/p>\n\n\n\n<p style=\"font-size:18px\">Trudno uwierzy\u0107, ale jeszcze 15 lat temu rzadko kto s\u0142ysza\u0142 o zbieractwie, mimo \u017ce zjawisko to wyst\u0119powa\u0142o (i wyst\u0119puje) bardzo cz\u0119sto. W ostatnich latach temat zbieractwa zacz\u0105\u0142 si\u0119 jednak pojawia\u0107 w bij\u0105cych rekordy ogl\u0105dalno\u015bci programach telewizyjnych, mi\u0119dzy innymi to dzi\u0119ki nim problem zbieractwa przebi\u0142 si\u0119 do \u015bwiadomo\u015bci spo\u0142ecznej, a jego nazwa wesz\u0142a do j\u0119zyka potocznego.<\/p>\n\n\n\n<hr class=\"wp-block-separator has-alpha-channel-opacity\"\/>\n\n\n\n<div class=\"wp-block-group\"><div class=\"wp-block-group__inner-container is-layout-constrained wp-block-group-is-layout-constrained\">\n<div class=\"wp-block-columns is-layout-flex wp-container-core-columns-is-layout-9d6595d7 wp-block-columns-is-layout-flex\">\n<div class=\"wp-block-column is-layout-flow wp-block-column-is-layout-flow\">\n<h2 class=\"wp-block-heading\">Czy zbieractwo to choroba?<\/h2>\n\n\n\n<p style=\"font-size:18px\">W najnowszej edycji klasyfikacji zaburze\u0144 psychicznych, opublikowanej przez Ameryka\u0144skie To\u00adwarzystwo Psychiatryczne (<em>Diagnostic and Statistical Manual of Mental Disorders<\/em>, DSM-5), \u201epatologiczne zbieractwo\u201d zosta\u0142o po raz pierwszy wymienione jako odr\u0119bna jednostka chorobowa. Zbieractwo jest tak\u017ce nowym rozpoznaniem w ICD-11 -wprowadzonej w 2022 r. nowej wersji Mi\u0119dzynarodowej Staty\u00adstycznej Klasyfikacji Chor\u00f3b i Problem\u00f3w Zdrowotnych \u015awiatowej Organizacji Zdrowia (WHO).<\/p>\n<\/div>\n\n\n\n<div class=\"wp-block-column is-vertically-aligned-top is-layout-flow wp-block-column-is-layout-flow\">\n<h2 class=\"wp-block-heading\">Jak cz\u0119sto wyst\u0119puje to zaburzenie?<\/h2>\n\n\n\n<p style=\"font-size:18px\">Zdaniem autor\u00f3w, zbieractwo mo\u017ce dotyka\u0107 a\u017c pi\u0119ciu procent populacji, czyli \u017ce cierpi na nie co dwudziesty cz\u0142owiek! Zatem w skali globalnej ich liczba si\u0119ga trzystu czterdziestu o\u015bmiu milion\u00f3w. <br><br>Je\u015bli przyjmiemy, \u017ce szacunki te dobrze odzwierciedlaj\u0105 stan faktyczny, to zbieractwo nale\u017cy do najcz\u0119stszych na \u015bwiecie zaburze\u0144 zdrowia psychicznego.<\/p>\n<\/div>\n<\/div>\n\n\n\n<hr class=\"wp-block-separator has-alpha-channel-opacity\"\/>\n<\/div><\/div>\n\n\n\n<div class=\"wp-block-group\"><div class=\"wp-block-group__inner-container is-layout-constrained wp-block-group-is-layout-constrained\">\n<div class=\"wp-block-columns is-layout-flex wp-container-core-columns-is-layout-9d6595d7 wp-block-columns-is-layout-flex\">\n<div class=\"wp-block-column is-layout-flow wp-block-column-is-layout-flow\">\n<h2 class=\"wp-block-heading\">Od Autor\u00f3w<\/h2>\n\n\n\n<p style=\"font-size:18px\">Autorzy: David F. Tolin, Randy O. Frost, Gail Steketee \u2013 wybitni specjali\u015bci zajmuj\u0105cy si\u0119 od lat pomoc\u0105 osobom z problem zbieractwa \u2013 podkre\u015blaj\u0105:\u00a0<em>\u201eNasza ksi\u0105\u017cka stanowi map\u0119 drogow\u0105, ty jeste\u015b kierowc\u0105. Poddanie zbieractwa pod kontrol\u0119 b\u0119dzie wymaga\u0142o ci\u0119\u017ckiej pracy\u201d.<\/em><\/p>\n<\/div>\n\n\n\n<div class=\"wp-block-column is-vertically-aligned-top is-layout-flow wp-block-column-is-layout-flow\">\n<h2 class=\"wp-block-heading\">Od Wydawc\u00f3w<\/h2>\n\n\n\n<p style=\"font-size:18px\">Cieszymy si\u0119 ogromnie z mo\u017cliwo\u015bci udost\u0119pnienia tego poradnika czytelnikom w Polsce wierz\u0105c, \u017ce wype\u0142nia ogromn\u0105 luk\u0119 potrzeb w tym zakresie.<br>Ksi\u0105\u017ck\u0119 przygotowa\u0142a do publikacji Redakcja Kwartalnika<em>&nbsp;PSYCHIATRA. Pismo dla Praktyk\u00f3w.<\/em><\/p>\n<\/div>\n<\/div>\n\n\n\n<hr class=\"wp-block-separator has-alpha-channel-opacity\"\/>\n<\/div><\/div>\n\n\n\n<div class=\"wp-block-columns is-layout-flex wp-container-core-columns-is-layout-9d6595d7 wp-block-columns-is-layout-flex\">\n<div class=\"wp-block-column is-layout-flow wp-block-column-is-layout-flow\" style=\"flex-basis:100%\">\n<div class=\"wp-block-columns is-layout-flex wp-container-core-columns-is-layout-9d6595d7 wp-block-columns-is-layout-flex\">\n<div class=\"wp-block-column is-layout-flow wp-block-column-is-layout-flow\" style=\"flex-basis:33.33%\">\n<figure class=\"wp-block-image size-full is-resized\"><img decoding=\"async\" src=\"https:\/\/www.psychiatraonline.pl\/wp-content\/uploads\/2024\/11\/Zagrzebani-w-skarbach-OKLADKA-3D-2.jpg\" alt=\"\" class=\"wp-image-2706\" style=\"width:174px;height:auto\"\/><\/figure>\n<\/div>\n\n\n\n<div class=\"wp-block-column is-layout-flow wp-block-column-is-layout-flow\" style=\"flex-basis:66.66%\">\n<p style=\"font-size:22px\"><em>Instytucje i O\u015brodki zainteresowane zam\u00f3wieniem wi\u0119kszej liczby egzemplarzy <\/em><br><em>z istotnym rabatem cenowym prosimy o kontakt:<\/em><br><strong><a href=\"https:\/\/www.psychiatraonline.pl\/#contact\">zbieractwo@kwartalnikpsychiatra.pl<\/a><\/strong><\/p>\n<\/div>\n<\/div>\n\n\n\n<hr class=\"wp-block-separator has-alpha-channel-opacity\"\/>\n\n\n\n<p>Wi\u0119cej od Autor\u00f3w:<\/p>\n\n\n\n<p><em>Zacznijmy od zdefiniowania zbieractwa jako problemu zdrowia psychicznego. Zdajemy sobie spraw\u0119, \u017ce dla niekt\u00f3rych spo\u015br\u00f3d was to nie b\u0119dzie \u0142atwe do prze\u0142kni\u0119cia. To stwierdzenie mo\u017ce rodzi\u0107 bardzo przykre (mo\u017ce nawet przera\u017caj\u0105ce) skojarzenia, przywodzi\u0107 na my\u015bl zjawiska powa\u017cnych chor\u00f3b psychicznych, na przyk\u0142ad schizofrenii.<\/em><\/p>\n\n\n\n<p><em>Cho\u0107 bywa, \u017ce zbieractwu towarzysz\u0105 inne zaburzenia psychiczne, wi\u0119kszo\u015b\u0107 ludzi z syllogomani\u0105 do tej grupy nie nale\u017cy i nale\u017ce\u0107 nie b\u0119dzie.<\/em><\/p>\n\n\n\n<p><em>W tym miejscu chcemy te\u017c podkre\u015bli\u0107 z ca\u0142\u0105 moc\u0105, \u017ce zaburzenie zdrowia psychicznego nie oznacza tego, \u017ce jeste\u015b \u201eszalony\u201d, \u201eupo\u015bledzony\u201d czy \u201egorszy\u201d. Wr\u0119cz przeciwnie: osoby z problemem zbieractwa cz\u0119sto s\u0105 inteligentne, dowcipne i ujmuj\u0105ce, mimo \u017ce \u015bwietnie zdajemy sobie spraw\u0119 z ich cierpienia.<\/em><\/p>\n\n\n\n<p><em>M\u00f3wimy tu jedynie, \u017ce cz\u0142owiek z problemem zbieractwa nie kontroluje w pe\u0142ni swoich zachowa\u0144. To nie wynika z jego wyboru. Osoba z syllogomani\u0105 przejawia pewien wz\u00f3r zachowa\u0144, kt\u00f3rych ani do ko\u0144ca nie potrafi zrozumie\u0107, ani nad nimi zapanowa\u0107. Je\u015bli masz problem zbieractwa, by\u0107 mo\u017ce kto\u015b pr\u00f3bowa\u0142 ci\u0119 przekona\u0107, \u017ce wi\u0105\u017ce si\u0119 on z twoim lenistwem, uporem, czy innymi wadami twojej osobowo\u015bci. Definiuj\u0105c zbieractwo jako problem zdrowia psychicznego, pragniemy stanowczo si\u0119 odci\u0105\u0107 od tego rodzaju opinii.<\/em><\/p>\n\n\n\n<p><em>Zarazem jednak musimy jednoznacznie powiedzie\u0107, \u017ce twoje zaburzenie nie powinno stanowi\u0107 podk\u0142adki zwalniaj\u0105cej ci\u0119 od pr\u00f3by jego opanowania. Zbieractwo, mimo \u017ce nie wynika z twojej winy, stanowi tw\u00f3j problem, i tylko ty mo\u017cesz go przezwyci\u0119\u017cy\u0107. Mamy nadziej\u0119, \u017ce stawiamy spraw\u0119 jasno: nasza rola b\u0119dzie polega\u0107 na wspieraniu ci\u0119 w tej pr\u00f3bie.<\/em><\/p>\n\n\n\n<p><em>Definicja zbieractwa jako zaburzenia psychicznego ma jeszcze inn\u0105, wa\u017cn\u0105 implikacj\u0119. Bywa cz\u0119sto, \u017ce osobie z tym problemem pr\u00f3buj\u0105 pom\u00f3c cz\u0142onkowie rodziny, przyjaciele albo pracownicy socjalni, usuwaj\u0105c rzeczy z jej domu. Niekiedy odbywa si\u0119 to za jej zgod\u0105, niekiedy bez niej. W tego typu interwencjach, naszym zdaniem, pomija si\u0119 istot\u0119 sprawy. Bo gdy ca\u0142y nasz wysi\u0142ek skupi si\u0119 na poprawie warunk\u00f3w, w jakich ta osoba \u017cyje \u2013 na przyk\u0142ad wysy\u0142amy j\u0105 na wakacje, by pod jej nieobecno\u015b\u0107 zrobi\u0107 porz\u0105dki \u2013 sprowadzamy zbieractwo do kwestii jej domu.<\/em><\/p>\n\n\n\n<p><em>Tymczasem problem jest szerszy, nie dotyczy jedynie warunk\u00f3w domowych, lecz przede wszystkim cierpi\u0105cego na syllogomani\u0119 cz\u0142owieka. Je\u015bli nie dokona on zasadniczych i trwa\u0142ych zmian w swoim my\u015bleniu, odczuwaniu i zachowaniach \u2013 czyli nie zmieni swego podej\u015bcia do posiadanych rzeczy \u2013 jego problem pozostanie nierozwi\u0105zany.<\/em><\/p>\n\n\n\n<p><em>Na ten w\u0142a\u015bnie fakt wskazuj\u0105 badania: gdy kto\u015b wyr\u0119czy osob\u0119 z problemem zbieractwa w usuwaniu jej rzeczy, zwykle powr\u00f3ci ona do nabywania i gromadzenia przedmiot\u00f3w, a jej dom ponownie si\u0119 zape\u0142ni rzeczami \u2013 niekiedy jeszcze bardziej ni\u017c przed zaprowadzeniem za ni\u0105 porz\u0105dk\u00f3w.<\/em><\/p>\n\n\n\n<p><em>Tak wi\u0119c nasza ksi\u0105\u017cka, jak przekonasz si\u0119 wkr\u00f3tce, twojemu domowi po\u015bwi\u0119ci znacznie mniej miejsca i uwagi ni\u017c tobie: twoim odczuciom, my\u015blom i dzia\u0142aniom.<\/em><\/p>\n\n\n\n<p class=\"has-text-align-right\">David F. Tolin, Randy O. Frost, Gail Steketee<\/p>\n\n\n\n<hr class=\"wp-block-separator has-alpha-channel-opacity\"\/>\n\n\n\n<p><strong><a href=\"https:\/\/www.psychiatraonline.pl\/strona-redakcyjna-zagrzebani-w-skarbach\/\" target=\"_blank\" rel=\"noreferrer noopener\">STOPKA REDAKCYJNA<\/a><\/strong><\/p>\n<\/div>\n<\/div>\n","protected":false},"excerpt":{"rendered":"<p>Zagrzebani w skarbach. Pomoc osobom z zaburzeniem zbieractwa &#8211; David F. Tolin, Randy O. Frost, Gail Steketee O czym jest ta ksi\u0105\u017cka? Ksi\u0105\u017cka stanowi przewodnik, kt\u00f3ry dostarcza informacje niezb\u0119dne dla zrozumienia problemu zbieractwa oraz wyposa\u017ca osoby z tym problemem w pomocne narz\u0119dzia, \u017ceby go przezwyci\u0119\u017cy\u0107.Czytelnik znajdzie tu kompendium aktualnej wiedzy o zbieractwie oraz program dzia\u0142ania, [&hellip;]<\/p>\n","protected":false},"author":1,"featured_media":0,"parent":0,"menu_order":0,"comment_status":"closed","ping_status":"open","template":"","meta":{"footnotes":""},"class_list":["post-2","page","type-page","status-publish","hentry"],"_links":{"self":[{"href":"https:\/\/www.zbieractwo.com.pl\/index.php?rest_route=\/wp\/v2\/pages\/2","targetHints":{"allow":["GET"]}}],"collection":[{"href":"https:\/\/www.zbieractwo.com.pl\/index.php?rest_route=\/wp\/v2\/pages"}],"about":[{"href":"https:\/\/www.zbieractwo.com.pl\/index.php?rest_route=\/wp\/v2\/types\/page"}],"author":[{"embeddable":true,"href":"https:\/\/www.zbieractwo.com.pl\/index.php?rest_route=\/wp\/v2\/users\/1"}],"replies":[{"embeddable":true,"href":"https:\/\/www.zbieractwo.com.pl\/index.php?rest_route=%2Fwp%2Fv2%2Fcomments&post=2"}],"version-history":[{"count":8,"href":"https:\/\/www.zbieractwo.com.pl\/index.php?rest_route=\/wp\/v2\/pages\/2\/revisions"}],"predecessor-version":[{"id":134,"href":"https:\/\/www.zbieractwo.com.pl\/index.php?rest_route=\/wp\/v2\/pages\/2\/revisions\/134"}],"wp:attachment":[{"href":"https:\/\/www.zbieractwo.com.pl\/index.php?rest_route=%2Fwp%2Fv2%2Fmedia&parent=2"}],"curies":[{"name":"wp","href":"https:\/\/api.w.org\/{rel}","templated":true}]}}